{"id":9,"date":"2022-02-20T17:27:39","date_gmt":"2022-02-20T16:27:39","guid":{"rendered":"https:\/\/ftelectricite.fr\/?page_id=9"},"modified":"2022-02-20T17:27:39","modified_gmt":"2022-02-20T16:27:39","slug":"contact","status":"publish","type":"page","link":"https:\/\/ftelectricite.fr\/?page_id=9","title":{"rendered":"Contact"},"content":{"rendered":"\n<p>C\u2019est une page avec des informations de contact de base, comme l\u2019adresse et le num\u00e9ro de t\u00e9l\u00e9phone. Vous pouvez aussi essayer une extension pour ajouter un formulaire de contact.<\/p>\n","protected":false},"excerpt":{"rendered":"<p>C\u2019est une page avec des informations de contact de base, comme l\u2019adresse et le num\u00e9ro de t\u00e9l\u00e9phone. Vous pouvez aussi essayer une extension pour ajouter un formulaire de contact.<\/p>\n","protected":false},"author":1,"featured_media":0,"parent":0,"menu_order":0,"comment_status":"closed","ping_status":"closed","template":"","meta":{"footnotes":""},"class_list":["post-9","page","type-page","status-publish","hentry","entry"],"yoast_head":"<!-- This site is optimized with the Yoast SEO plugin v18.1 - https:\/\/yoast.com\/wordpress\/plugins\/seo\/ -->\n<title>Contact - WordPress<\/title>\n<meta name=\"robots\" content=\"index, follow, max-snippet:-1, max-image-preview:large, max-video-preview:-1\" \/>\n<link rel=\"canonical\" href=\"https:\/\/ftelectricite.fr\/?page_id=9\" \/>\n<meta property=\"og:locale\" content=\"en_US\" \/>\n<meta property=\"og:type\" content=\"article\" \/>\n<meta property=\"og:title\" content=\"Contact - WordPress\" \/>\n<meta property=\"og:description\" content=\"C\u2019est une page avec des informations de contact de base, comme l\u2019adresse et le num\u00e9ro de t\u00e9l\u00e9phone. Vous pouvez aussi essayer une extension pour ajouter un formulaire de contact.\" \/>\n<meta property=\"og:url\" content=\"https:\/\/ftelectricite.fr\/?page_id=9\" \/>\n<meta property=\"og:site_name\" content=\"WordPress\" \/>\n<meta name=\"twitter:card\" content=\"summary_large_image\" \/>\n<script type=\"application\/ld+json\" class=\"yoast-schema-graph\">{\"@context\":\"https:\/\/schema.org\",\"@graph\":[{\"@type\":\"WebSite\",\"@id\":\"https:\/\/ftelectricite.fr\/#website\",\"url\":\"https:\/\/ftelectricite.fr\/\",\"name\":\"WordPress\",\"description\":\"Un site utilisant WordPress\",\"potentialAction\":[{\"@type\":\"SearchAction\",\"target\":{\"@type\":\"EntryPoint\",\"urlTemplate\":\"https:\/\/ftelectricite.fr\/?s={search_term_string}\"},\"query-input\":\"required name=search_term_string\"}],\"inLanguage\":\"en-US\"},{\"@type\":\"WebPage\",\"@id\":\"https:\/\/ftelectricite.fr\/?page_id=9#webpage\",\"url\":\"https:\/\/ftelectricite.fr\/?page_id=9\",\"name\":\"Contact - WordPress\",\"isPartOf\":{\"@id\":\"https:\/\/ftelectricite.fr\/#website\"},\"datePublished\":\"2022-02-20T16:27:39+00:00\",\"dateModified\":\"2022-02-20T16:27:39+00:00\",\"breadcrumb\":{\"@id\":\"https:\/\/ftelectricite.fr\/?page_id=9#breadcrumb\"},\"inLanguage\":\"en-US\",\"potentialAction\":[{\"@type\":\"ReadAction\",\"target\":[\"https:\/\/ftelectricite.fr\/?page_id=9\"]}]},{\"@type\":\"BreadcrumbList\",\"@id\":\"https:\/\/ftelectricite.fr\/?page_id=9#breadcrumb\",\"itemListElement\":[{\"@type\":\"ListItem\",\"position\":1,\"name\":\"Accueil\",\"item\":\"https:\/\/ftelectricite.fr\/\"},{\"@type\":\"ListItem\",\"position\":2,\"name\":\"Contact\"}]}]}<\/script>\n<!-- \/ Yoast SEO plugin. -->","yoast_head_json":{"title":"Contact - WordPress","robots":{"index":"index","follow":"follow","max-snippet":"max-snippet:-1","max-image-preview":"max-image-preview:large","max-video-preview":"max-video-preview:-1"},"canonical":"https:\/\/ftelectricite.fr\/?page_id=9","og_locale":"en_US","og_type":"article","og_title":"Contact - WordPress","og_description":"C\u2019est une page avec des informations de contact de base, comme l\u2019adresse et le num\u00e9ro de t\u00e9l\u00e9phone. Vous pouvez aussi essayer une extension pour ajouter un formulaire de contact.","og_url":"https:\/\/ftelectricite.fr\/?page_id=9","og_site_name":"WordPress","twitter_card":"summary_large_image","schema":{"@context":"https:\/\/schema.org","@graph":[{"@type":"WebSite","@id":"https:\/\/ftelectricite.fr\/#website","url":"https:\/\/ftelectricite.fr\/","name":"WordPress","description":"Un site utilisant WordPress","potentialAction":[{"@type":"SearchAction","target":{"@type":"EntryPoint","urlTemplate":"https:\/\/ftelectricite.fr\/?s={search_term_string}"},"query-input":"required name=search_term_string"}],"inLanguage":"en-US"},{"@type":"WebPage","@id":"https:\/\/ftelectricite.fr\/?page_id=9#webpage","url":"https:\/\/ftelectricite.fr\/?page_id=9","name":"Contact - WordPress","isPartOf":{"@id":"https:\/\/ftelectricite.fr\/#website"},"datePublished":"2022-02-20T16:27:39+00:00","dateModified":"2022-02-20T16:27:39+00:00","breadcrumb":{"@id":"https:\/\/ftelectricite.fr\/?page_id=9#breadcrumb"},"inLanguage":"en-US","potentialAction":[{"@type":"ReadAction","target":["https:\/\/ftelectricite.fr\/?page_id=9"]}]},{"@type":"BreadcrumbList","@id":"https:\/\/ftelectricite.fr\/?page_id=9#breadcrumb","itemListElement":[{"@type":"ListItem","position":1,"name":"Accueil","item":"https:\/\/ftelectricite.fr\/"},{"@type":"ListItem","position":2,"name":"Contact"}]}]}},"_links":{"self":[{"href":"https:\/\/ftelectricite.fr\/index.php?rest_route=\/wp\/v2\/pages\/9","targetHints":{"allow":["GET"]}}],"collection":[{"href":"https:\/\/ftelectricite.fr\/index.php?rest_route=\/wp\/v2\/pages"}],"about":[{"href":"https:\/\/ftelectricite.fr\/index.php?rest_route=\/wp\/v2\/types\/page"}],"author":[{"embeddable":true,"href":"https:\/\/ftelectricite.fr\/index.php?rest_route=\/wp\/v2\/users\/1"}],"replies":[{"embeddable":true,"href":"https:\/\/ftelectricite.fr\/index.php?rest_route=%2Fwp%2Fv2%2Fcomments&post=9"}],"version-history":[{"count":1,"href":"https:\/\/ftelectricite.fr\/index.php?rest_route=\/wp\/v2\/pages\/9\/revisions"}],"predecessor-version":[{"id":14,"href":"https:\/\/ftelectricite.fr\/index.php?rest_route=\/wp\/v2\/pages\/9\/revisions\/14"}],"wp:attachment":[{"href":"https:\/\/ftelectricite.fr\/index.php?rest_route=%2Fwp%2Fv2%2Fmedia&parent=9"}],"curies":[{"name":"wp","href":"https:\/\/api.w.org\/{rel}","templated":true}]}}